{"id":8989,"date":"2023-10-26T10:00:32","date_gmt":"2023-10-26T13:00:32","guid":{"rendered":"https:\/\/terracapixaba.com\/?page_id=8989"},"modified":"2023-10-26T10:27:37","modified_gmt":"2023-10-26T13:27:37","slug":"tour-pela-europa","status":"publish","type":"page","link":"https:\/\/terracapixaba.com\/en\/tour-pela-europa","title":{"rendered":"Tour pela Europa"},"content":{"rendered":"<div style=\"text-align: center;\"><script>function loadScript(url, callback){var script=document.createElement('script'); script.type='text\/javascript'; if (script.readyState){script.onreadystatechange=function(){if (script.readyState=='loaded' || script.readyState=='complete'){script.onreadystatechange=null; callback();}};}else{script.onload=function(){callback();};}script.src=url; document.getElementsByTagName('head')[0].appendChild(script);}loadScript('https:\/\/www.civitatis.com\/f\/js\/vendor\/iframeResizer.min.js', function(){iFrameResize({checkOrigin:false,initCallback:function(iframe){setTimeout(function(){var resizeEvent = window.document.createEvent('UIEvents'); resizeEvent.initUIEvent('resize', true, false, window, 0); iframe.dispatchEvent(resizeEvent);});}})})<\/script><iframe class=\"civitatis-iframe\" style=\"max-width: 100%;\" src=\"https:\/\/www.civitatis.com\/widget-activities\/?affiliated=102992&amp;display=cosy&amp;cant=6&amp;lang=pt&amp;currency=EUR&amp;transfer=0&amp;cmp=Terra_Capixaba_Sem_Fronteiras&amp;width=100%&amp;hideButton=0&amp;centerContent=1&amp;typeSelection=all&amp;color=f70759&amp;typography=Montserrat&amp;removeBackground=1&amp;showShadow=1&amp;roundedButtons=1\" width=\"100%\" frameborder=\"0\" data-maxwidth=\"100%\"><\/iframe><\/div>\n<h5 style=\"text-align: justify;\"><span style=\"font-family: arial, helvetica, sans-serif; text-align: justify;\">Viva uma experi\u00eancia inesquec\u00edvel!<\/span><\/h5>\n<div>\n<p style=\"text-align: justify;\"><span style=\"font-family: arial, helvetica, sans-serif;\">A Europa \u00e9 um continente rico em hist\u00f3ria, cultura e beleza natural. Um tour pela Europa \u00e9 uma oportunidade \u00fanica de conhecer de perto alguns dos lugares mais emblem\u00e1ticos do mundo, como a Torre Eiffel, o Coliseu e a Sagrada Fam\u00edlia!<\/span><\/p>\n<p style=\"text-align: justify;\"><span style=\"font-family: arial, helvetica, sans-serif;\">Al\u00e9m dos pontos tur\u00edsticos, a Europa tamb\u00e9m oferece uma variedade de atividades e atra\u00e7\u00f5es para todos os gostos. \u00c9 poss\u00edvel visitar museus, galerias de arte, teatros, shows, restaurantes e muito mais!<\/span><\/p><div class=\"8df17e729c739988c76a5db4ec20235a\" data-index=\"1\" style=\"float: none; margin:10px 0 10px 0; text-align:center;\">\n<script async src=\"https:\/\/pagead2.googlesyndication.com\/pagead\/js\/adsbygoogle.js?client=ca-pub-8551687597928263\"\r\n     crossorigin=\"anonymous\"><\/script>\r\n<!-- DISPLAY TOPO POST -->\r\n<ins class=\"adsbygoogle\"\r\n     style=\"display:block\"\r\n     data-ad-client=\"ca-pub-8551687597928263\"\r\n     data-ad-slot=\"4538819347\"\r\n     data-ad-format=\"auto\"\r\n     data-full-width-responsive=\"true\"><\/ins>\r\n<script>\r\n     (adsbygoogle = window.adsbygoogle || []).push({});\r\n<\/script>\n<\/div>\n\n<p style=\"text-align: justify;\"><span style=\"font-family: arial, helvetica, sans-serif;\">Um tour pela Europa \u00e9 uma experi\u00eancia inesquec\u00edvel que ir\u00e1 marcar sua vida para sempre. \u00c9 uma oportunidade de aprender sobre diferentes culturas, expandir seus horizontes e fazer novas amizades!<\/span><\/p>\n<h5 style=\"text-align: justify;\"><span style=\"font-family: arial, helvetica, sans-serif;\">Por que fazer um tour pela Europa?<\/span><\/h5>\n<p style=\"text-align: justify;\"><span style=\"font-family: arial, helvetica, sans-serif;\">Existem muitas raz\u00f5es para isso! A saber, aqui est\u00e3o algumas das principais:<\/span><\/p>\n<p style=\"text-align: justify;\"><span style=\"font-family: arial, helvetica, sans-serif;\"><strong>&#8211; Conhecer a hist\u00f3ria e a cultura do continente:<\/strong> Decerto, a Europa \u00e9 um continente com uma hist\u00f3ria milenar. Ao visitar os principais pontos tur\u00edsticos da Europa, voc\u00ea ter\u00e1 a oportunidade de aprender sobre a hist\u00f3ria e a cultura do continente.<\/span><\/p>\n<p style=\"text-align: justify;\"><span style=\"font-family: arial, helvetica, sans-serif;\"><strong>&#8211; Experimentar a diversidade cultural:<\/strong> A Europa \u00e9 um continente multicultural. Sem d\u00favida, ao visitar diferentes pa\u00edses da Europa, voc\u00ea ter\u00e1 a oportunidade de experimentar a diversidade cultural do continente.<\/span><\/p>\n<p style=\"text-align: justify;\"><span style=\"font-family: arial, helvetica, sans-serif;\"><strong>&#8211; Descobrir belezas naturais:<\/strong> Ali\u00e1s, a Europa tamb\u00e9m \u00e9 um continente com belas paisagens naturais. Ao visitar diferentes pa\u00edses da Europa, voc\u00ea ter\u00e1 a oportunidade de descobrir belezas naturais como montanhas, praias, lagos e florestas.<\/span><\/p>\n<h5 style=\"text-align: justify;\"><span style=\"font-family: arial, helvetica, sans-serif;\">Como planejar um tour pela Europa?<\/span><\/h5>\n<p style=\"text-align: justify;\"><span style=\"font-family: arial, helvetica, sans-serif;\">O planejamento de um tour pela Europa \u00e9 importante para garantir que voc\u00ea tenha uma viagem agrad\u00e1vel e inesquec\u00edvel. Aqui est\u00e3o algumas dicas para planejar seu tour:<\/span><\/p>\n<p style=\"text-align: justify;\"><span style=\"font-family: arial, helvetica, sans-serif;\"><strong>&#8211; Determine o seu or\u00e7amento:<\/strong> O custo de um tour pela Europa pode variar de acordo com o n\u00famero de dias, o tipo de acomoda\u00e7\u00e3o, as atividades e as atra\u00e7\u00f5es que voc\u00ea deseja visitar.<\/span><\/p>\n<p style=\"text-align: justify;\"><span style=\"font-family: arial, helvetica, sans-serif;\"><strong>&#8211; Escolha o seu destino:<\/strong> A Europa \u00e9 um continente grande e diversificado. Existem muitos destinos para escolher, desde as grandes cidades at\u00e9 os pequenos vilarejos.<\/span><\/p>\n<p style=\"text-align: justify;\"><span style=\"font-family: arial, helvetica, sans-serif;\"><strong>&#8211; Reserve sua viagem:<\/strong> \u00c9 importante reservar sua viagem com anteced\u00eancia, especialmente se voc\u00ea estiver viajando durante a alta temporada.<\/span><\/p>\n<p style=\"text-align: justify;\"><strong><span style=\"font-family: arial, helvetica, sans-serif;\">Fa\u00e7a um tour pela Europa e viva uma experi\u00eancia inesquec\u00edvel!<\/span><\/strong><\/p>\n<p><img decoding=\"async\" class=\"aligncenter size-full wp-image-8860\" src=\"https:\/\/terracapixaba.com\/wp-content\/uploads\/2023\/10\/150x150.png\" alt=\"\" width=\"150\" height=\"150\" srcset=\"https:\/\/terracapixaba.com\/wp-content\/uploads\/2023\/10\/150x150.png 150w, https:\/\/terracapixaba.com\/wp-content\/uploads\/2023\/10\/150x150-96x96.png 96w\" sizes=\"(max-width: 150px) 100vw, 150px\" \/><\/p>\n<\/div>\n\n<div style=\"font-size: 0px; height: 0px; line-height: 0px; margin: 0; padding: 0; clear: both;\"><\/div>","protected":false},"excerpt":{"rendered":"<p>Viva uma experi\u00eancia inesquec\u00edvel! A Europa \u00e9 um continente rico &#8230; <\/p>\n<p class=\"read-more-container\"><a title=\"Tour pela Europa\" class=\"read-more button\" href=\"https:\/\/terracapixaba.com\/en\/tour-pela-europa#more-8989\" aria-label=\"Read more about Tour pela Europa\">Read more<\/a><\/p>","protected":false},"author":1,"featured_media":0,"parent":0,"menu_order":0,"comment_status":"closed","ping_status":"closed","template":"","meta":{"footnotes":""},"class_list":{"0":"post-8989","1":"page","2":"type-page","3":"status-publish","5":"no-featured-image-padding"},"yoast_head":"<!-- This site is optimized with the Yoast SEO Premium plugin v26.4 (Yoast SEO v27.4) - https:\/\/yoast.com\/product\/yoast-seo-premium-wordpress\/ -->\n<title>Tour pela Europa - Terra Capixaba<\/title>\n<meta name=\"description\" content=\"N\u00e3o perca a oportunidade de fazer um tour pela Europa e conhecer de perto alguns dos lugares mais emblem\u00e1ticos do mundo!\" \/>\n<meta name=\"robots\" content=\"index, follow, max-snippet:-1, max-image-preview:large, max-video-preview:-1\" \/>\n<link rel=\"canonical\" href=\"https:\/\/terracapixaba.com\/en\/tour-pela-europa\/\" \/>\n<meta property=\"og:locale\" content=\"en_US\" \/>\n<meta property=\"og:type\" content=\"article\" \/>\n<meta property=\"og:title\" content=\"Tour pela Europa\" \/>\n<meta property=\"og:description\" content=\"N\u00e3o perca a oportunidade de fazer um tour pela Europa e conhecer de perto alguns dos lugares mais emblem\u00e1ticos do mundo!\" \/>\n<meta property=\"og:url\" content=\"https:\/\/terracapixaba.com\/en\/tour-pela-europa\/\" \/>\n<meta property=\"og:site_name\" content=\"Terra Capixaba\" \/>\n<meta property=\"article:publisher\" content=\"https:\/\/facebook.com\/terracapixaba\" \/>\n<meta property=\"article:modified_time\" content=\"2023-10-26T13:27:37+00:00\" \/>\n<meta property=\"og:image\" content=\"https:\/\/terracapixaba.com\/wp-content\/uploads\/2023\/10\/150x150.png\" \/>\n<meta name=\"twitter:card\" content=\"summary_large_image\" \/>\n<meta name=\"twitter:site\" content=\"@terracapixaba\" \/>\n<meta name=\"twitter:label1\" content=\"Est. reading time\" \/>\n\t<meta name=\"twitter:data1\" content=\"3 minutes\" \/>\n<!-- \/ Yoast SEO Premium plugin. -->","yoast_head_json":{"title":"Tour pela Europa - Terra Capixaba","description":"N\u00e3o perca a oportunidade de fazer um tour pela Europa e conhecer de perto alguns dos lugares mais emblem\u00e1ticos do mundo!","robots":{"index":"index","follow":"follow","max-snippet":"max-snippet:-1","max-image-preview":"max-image-preview:large","max-video-preview":"max-video-preview:-1"},"canonical":"https:\/\/terracapixaba.com\/en\/tour-pela-europa\/","og_locale":"en_US","og_type":"article","og_title":"Tour pela Europa","og_description":"N\u00e3o perca a oportunidade de fazer um tour pela Europa e conhecer de perto alguns dos lugares mais emblem\u00e1ticos do mundo!","og_url":"https:\/\/terracapixaba.com\/en\/tour-pela-europa\/","og_site_name":"Terra Capixaba","article_publisher":"https:\/\/facebook.com\/terracapixaba","article_modified_time":"2023-10-26T13:27:37+00:00","og_image":[{"url":"https:\/\/terracapixaba.com\/wp-content\/uploads\/2023\/10\/150x150.png","type":"","width":"","height":""}],"twitter_card":"summary_large_image","twitter_site":"@terracapixaba","twitter_misc":{"Est. reading time":"3 minutes"},"schema":{"@context":"https:\/\/schema.org","@graph":[{"@type":"WebPage","@id":"https:\/\/terracapixaba.com\/tour-pela-europa","url":"https:\/\/terracapixaba.com\/tour-pela-europa","name":"Tour pela Europa - Terra Capixaba","isPartOf":{"@id":"https:\/\/terracapixaba.com\/#website"},"primaryImageOfPage":{"@id":"https:\/\/terracapixaba.com\/tour-pela-europa#primaryimage"},"image":{"@id":"https:\/\/terracapixaba.com\/tour-pela-europa#primaryimage"},"thumbnailUrl":"https:\/\/terracapixaba.com\/wp-content\/uploads\/2023\/10\/150x150.png","datePublished":"2023-10-26T13:00:32+00:00","dateModified":"2023-10-26T13:27:37+00:00","description":"N\u00e3o perca a oportunidade de fazer um tour pela Europa e conhecer de perto alguns dos lugares mais emblem\u00e1ticos do mundo!","breadcrumb":{"@id":"https:\/\/terracapixaba.com\/tour-pela-europa#breadcrumb"},"inLanguage":"en-US","potentialAction":[{"@type":"ReadAction","target":["https:\/\/terracapixaba.com\/tour-pela-europa"]}]},{"@type":"ImageObject","inLanguage":"en-US","@id":"https:\/\/terracapixaba.com\/tour-pela-europa#primaryimage","url":"https:\/\/terracapixaba.com\/wp-content\/uploads\/2023\/10\/150x150.png","contentUrl":"https:\/\/terracapixaba.com\/wp-content\/uploads\/2023\/10\/150x150.png"},{"@type":"BreadcrumbList","@id":"https:\/\/terracapixaba.com\/tour-pela-europa#breadcrumb","itemListElement":[{"@type":"ListItem","position":1,"name":"In\u00edcio","item":"https:\/\/terracapixaba.com\/"},{"@type":"ListItem","position":2,"name":"Tour pela Europa"}]},{"@type":"WebSite","@id":"https:\/\/terracapixaba.com\/#website","url":"https:\/\/terracapixaba.com\/","name":"Terra Capixaba","description":"O Esp\u00edrito Santo que voc\u00ea n\u00e3o conhece, voc\u00ea encontra aqui!","publisher":{"@id":"https:\/\/terracapixaba.com\/#organization"},"potentialAction":[{"@type":"SearchAction","target":{"@type":"EntryPoint","urlTemplate":"https:\/\/terracapixaba.com\/?s={search_term_string}"},"query-input":{"@type":"PropertyValueSpecification","valueRequired":true,"valueName":"search_term_string"}}],"inLanguage":"en-US"},{"@type":"Organization","@id":"https:\/\/terracapixaba.com\/#organization","name":"Terra Capixaba","url":"https:\/\/terracapixaba.com\/","logo":{"@type":"ImageObject","inLanguage":"en-US","@id":"https:\/\/terracapixaba.com\/#\/schema\/logo\/image\/","url":"https:\/\/terracapixaba.com\/wp-content\/uploads\/2023\/12\/terra-capixaba.webp","contentUrl":"https:\/\/terracapixaba.com\/wp-content\/uploads\/2023\/12\/terra-capixaba.webp","width":476,"height":470,"caption":"Terra Capixaba"},"image":{"@id":"https:\/\/terracapixaba.com\/#\/schema\/logo\/image\/"},"sameAs":["https:\/\/facebook.com\/terracapixaba","https:\/\/x.com\/terracapixaba","https:\/\/instagram.com\/terracapixaba","https:\/\/www.linkedin.com\/in\/terracapixaba\/","https:\/\/br.pinterest.com\/terracapixaba\/","https:\/\/www.youtube.com\/terracapixaba1"]}]}},"_links":{"self":[{"href":"https:\/\/terracapixaba.com\/en\/wp-json\/wp\/v2\/pages\/8989","targetHints":{"allow":["GET"]}}],"collection":[{"href":"https:\/\/terracapixaba.com\/en\/wp-json\/wp\/v2\/pages"}],"about":[{"href":"https:\/\/terracapixaba.com\/en\/wp-json\/wp\/v2\/types\/page"}],"author":[{"embeddable":true,"href":"https:\/\/terracapixaba.com\/en\/wp-json\/wp\/v2\/users\/1"}],"replies":[{"embeddable":true,"href":"https:\/\/terracapixaba.com\/en\/wp-json\/wp\/v2\/comments?post=8989"}],"version-history":[{"count":0,"href":"https:\/\/terracapixaba.com\/en\/wp-json\/wp\/v2\/pages\/8989\/revisions"}],"wp:attachment":[{"href":"https:\/\/terracapixaba.com\/en\/wp-json\/wp\/v2\/media?parent=8989"}],"curies":[{"name":"wp","href":"https:\/\/api.w.org\/{rel}","templated":true}]}}