{"id":3920,"date":"2023-10-02T13:31:37","date_gmt":"2023-10-02T16:31:37","guid":{"rendered":"https:\/\/terracapixaba.com\/?page_id=3920"},"modified":"2023-10-31T09:25:26","modified_gmt":"2023-10-31T12:25:26","slug":"fale-conosco","status":"publish","type":"page","link":"https:\/\/terracapixaba.com\/en\/fale-conosco","title":{"rendered":"Fale Conosco"},"content":{"rendered":"<p><span style=\"font-family: arial, helvetica, sans-serif;\">Entre em contato com o Terra Capixaba pelo email\u00a0<a href=\"mailto:contato@terracapixaba.com\" target=\"_blank\" rel=\"noreferrer noopener nofollow\">contato@terracapixaba.com<\/a> para tirar d\u00favidas, enviar sugest\u00f5es de postagens, sugerir parcerias e fazer suas cr\u00edticas e\/ou elogios.<\/span><\/p>\n<p><img decoding=\"async\" class=\"aligncenter wp-image-8860 size-full\" src=\"https:\/\/terracapixaba.com\/wp-content\/uploads\/2023\/10\/150x150.png\" alt=\"\" width=\"150\" height=\"150\" srcset=\"https:\/\/terracapixaba.com\/wp-content\/uploads\/2023\/10\/150x150.png 150w, https:\/\/terracapixaba.com\/wp-content\/uploads\/2023\/10\/150x150-96x96.png 96w\" sizes=\"(max-width: 150px) 100vw, 150px\" \/><\/p><div class=\"8df17e729c739988c76a5db4ec20235a\" data-index=\"1\" style=\"float: none; margin:10px 0 10px 0; text-align:center;\">\n<script async src=\"https:\/\/pagead2.googlesyndication.com\/pagead\/js\/adsbygoogle.js?client=ca-pub-8551687597928263\"\r\n     crossorigin=\"anonymous\"><\/script>\r\n<!-- DISPLAY TOPO POST -->\r\n<ins class=\"adsbygoogle\"\r\n     style=\"display:block\"\r\n     data-ad-client=\"ca-pub-8551687597928263\"\r\n     data-ad-slot=\"4538819347\"\r\n     data-ad-format=\"auto\"\r\n     data-full-width-responsive=\"true\"><\/ins>\r\n<script>\r\n     (adsbygoogle = window.adsbygoogle || []).push({});\r\n<\/script>\n<\/div>\n\n\n<div style=\"font-size: 0px; height: 0px; line-height: 0px; margin: 0; padding: 0; clear: both;\"><\/div>","protected":false},"excerpt":{"rendered":"<p>Entre em contato com o Terra Capixaba pelo email\u00a0contato@terracapixaba.com para &#8230; <\/p>\n<p class=\"read-more-container\"><a title=\"Fale Conosco\" class=\"read-more button\" href=\"https:\/\/terracapixaba.com\/en\/fale-conosco#more-3920\" aria-label=\"Read more about Fale Conosco\">Read more<\/a><\/p>","protected":false},"author":1,"featured_media":0,"parent":0,"menu_order":0,"comment_status":"closed","ping_status":"closed","template":"","meta":{"footnotes":""},"class_list":{"0":"post-3920","1":"page","2":"type-page","3":"status-publish","5":"no-featured-image-padding"},"yoast_head":"<!-- This site is optimized with the Yoast SEO Premium plugin v26.4 (Yoast SEO v27.4) - https:\/\/yoast.com\/product\/yoast-seo-premium-wordpress\/ -->\n<title>Fale Conosco - Terra Capixaba<\/title>\n<meta name=\"description\" content=\"Parcerias, d\u00favidas, cr\u00edticas ou sugest\u00f5es? Entre em contato com o Terra Capixaba pelo email\u00a0contato@terracapixaba.com!\" \/>\n<meta name=\"robots\" content=\"index, follow, max-snippet:-1, max-image-preview:large, max-video-preview:-1\" \/>\n<link rel=\"canonical\" href=\"https:\/\/terracapixaba.com\/en\/fale-conosco\/\" \/>\n<meta property=\"og:locale\" content=\"en_US\" \/>\n<meta property=\"og:type\" content=\"article\" \/>\n<meta property=\"og:title\" content=\"Fale Conosco\" \/>\n<meta property=\"og:description\" content=\"Parcerias, d\u00favidas, cr\u00edticas ou sugest\u00f5es? Entre em contato com o Terra Capixaba pelo email\u00a0contato@terracapixaba.com!\" \/>\n<meta property=\"og:url\" content=\"https:\/\/terracapixaba.com\/en\/fale-conosco\/\" \/>\n<meta property=\"og:site_name\" content=\"Terra Capixaba\" \/>\n<meta property=\"article:publisher\" content=\"https:\/\/facebook.com\/terracapixaba\" \/>\n<meta property=\"article:modified_time\" content=\"2023-10-31T12:25:26+00:00\" \/>\n<meta property=\"og:image\" content=\"https:\/\/terracapixaba.com\/wp-content\/uploads\/2023\/10\/150x150.png\" \/>\n<meta name=\"twitter:card\" content=\"summary_large_image\" \/>\n<meta name=\"twitter:site\" content=\"@terracapixaba\" \/>\n<meta name=\"twitter:label1\" content=\"Est. reading time\" \/>\n\t<meta name=\"twitter:data1\" content=\"1 minute\" \/>\n<!-- \/ Yoast SEO Premium plugin. -->","yoast_head_json":{"title":"Fale Conosco - Terra Capixaba","description":"Parcerias, d\u00favidas, cr\u00edticas ou sugest\u00f5es? Entre em contato com o Terra Capixaba pelo email\u00a0contato@terracapixaba.com!","robots":{"index":"index","follow":"follow","max-snippet":"max-snippet:-1","max-image-preview":"max-image-preview:large","max-video-preview":"max-video-preview:-1"},"canonical":"https:\/\/terracapixaba.com\/en\/fale-conosco\/","og_locale":"en_US","og_type":"article","og_title":"Fale Conosco","og_description":"Parcerias, d\u00favidas, cr\u00edticas ou sugest\u00f5es? Entre em contato com o Terra Capixaba pelo email\u00a0contato@terracapixaba.com!","og_url":"https:\/\/terracapixaba.com\/en\/fale-conosco\/","og_site_name":"Terra Capixaba","article_publisher":"https:\/\/facebook.com\/terracapixaba","article_modified_time":"2023-10-31T12:25:26+00:00","og_image":[{"url":"https:\/\/terracapixaba.com\/wp-content\/uploads\/2023\/10\/150x150.png","type":"","width":"","height":""}],"twitter_card":"summary_large_image","twitter_site":"@terracapixaba","twitter_misc":{"Est. reading time":"1 minute"},"schema":{"@context":"https:\/\/schema.org","@graph":[{"@type":"WebPage","@id":"https:\/\/terracapixaba.com\/fale-conosco","url":"https:\/\/terracapixaba.com\/fale-conosco","name":"Fale Conosco - Terra Capixaba","isPartOf":{"@id":"https:\/\/terracapixaba.com\/#website"},"primaryImageOfPage":{"@id":"https:\/\/terracapixaba.com\/fale-conosco#primaryimage"},"image":{"@id":"https:\/\/terracapixaba.com\/fale-conosco#primaryimage"},"thumbnailUrl":"https:\/\/terracapixaba.com\/wp-content\/uploads\/2023\/10\/150x150.png","datePublished":"2023-10-02T16:31:37+00:00","dateModified":"2023-10-31T12:25:26+00:00","description":"Parcerias, d\u00favidas, cr\u00edticas ou sugest\u00f5es? Entre em contato com o Terra Capixaba pelo email\u00a0contato@terracapixaba.com!","breadcrumb":{"@id":"https:\/\/terracapixaba.com\/fale-conosco#breadcrumb"},"inLanguage":"en-US","potentialAction":[{"@type":"ReadAction","target":["https:\/\/terracapixaba.com\/fale-conosco"]}]},{"@type":"ImageObject","inLanguage":"en-US","@id":"https:\/\/terracapixaba.com\/fale-conosco#primaryimage","url":"https:\/\/terracapixaba.com\/wp-content\/uploads\/2023\/10\/150x150.png","contentUrl":"https:\/\/terracapixaba.com\/wp-content\/uploads\/2023\/10\/150x150.png"},{"@type":"BreadcrumbList","@id":"https:\/\/terracapixaba.com\/fale-conosco#breadcrumb","itemListElement":[{"@type":"ListItem","position":1,"name":"In\u00edcio","item":"https:\/\/terracapixaba.com\/"},{"@type":"ListItem","position":2,"name":"Fale Conosco"}]},{"@type":"WebSite","@id":"https:\/\/terracapixaba.com\/#website","url":"https:\/\/terracapixaba.com\/","name":"Terra Capixaba","description":"O Esp\u00edrito Santo que voc\u00ea n\u00e3o conhece, voc\u00ea encontra aqui!","publisher":{"@id":"https:\/\/terracapixaba.com\/#organization"},"potentialAction":[{"@type":"SearchAction","target":{"@type":"EntryPoint","urlTemplate":"https:\/\/terracapixaba.com\/?s={search_term_string}"},"query-input":{"@type":"PropertyValueSpecification","valueRequired":true,"valueName":"search_term_string"}}],"inLanguage":"en-US"},{"@type":"Organization","@id":"https:\/\/terracapixaba.com\/#organization","name":"Terra Capixaba","url":"https:\/\/terracapixaba.com\/","logo":{"@type":"ImageObject","inLanguage":"en-US","@id":"https:\/\/terracapixaba.com\/#\/schema\/logo\/image\/","url":"https:\/\/terracapixaba.com\/wp-content\/uploads\/2023\/12\/terra-capixaba.webp","contentUrl":"https:\/\/terracapixaba.com\/wp-content\/uploads\/2023\/12\/terra-capixaba.webp","width":476,"height":470,"caption":"Terra Capixaba"},"image":{"@id":"https:\/\/terracapixaba.com\/#\/schema\/logo\/image\/"},"sameAs":["https:\/\/facebook.com\/terracapixaba","https:\/\/x.com\/terracapixaba","https:\/\/instagram.com\/terracapixaba","https:\/\/www.linkedin.com\/in\/terracapixaba\/","https:\/\/br.pinterest.com\/terracapixaba\/","https:\/\/www.youtube.com\/terracapixaba1"]}]}},"_links":{"self":[{"href":"https:\/\/terracapixaba.com\/en\/wp-json\/wp\/v2\/pages\/3920","targetHints":{"allow":["GET"]}}],"collection":[{"href":"https:\/\/terracapixaba.com\/en\/wp-json\/wp\/v2\/pages"}],"about":[{"href":"https:\/\/terracapixaba.com\/en\/wp-json\/wp\/v2\/types\/page"}],"author":[{"embeddable":true,"href":"https:\/\/terracapixaba.com\/en\/wp-json\/wp\/v2\/users\/1"}],"replies":[{"embeddable":true,"href":"https:\/\/terracapixaba.com\/en\/wp-json\/wp\/v2\/comments?post=3920"}],"version-history":[{"count":1,"href":"https:\/\/terracapixaba.com\/en\/wp-json\/wp\/v2\/pages\/3920\/revisions"}],"predecessor-version":[{"id":9459,"href":"https:\/\/terracapixaba.com\/en\/wp-json\/wp\/v2\/pages\/3920\/revisions\/9459"}],"wp:attachment":[{"href":"https:\/\/terracapixaba.com\/en\/wp-json\/wp\/v2\/media?parent=3920"}],"curies":[{"name":"wp","href":"https:\/\/api.w.org\/{rel}","templated":true}]}}