{"id":3898,"date":"2023-10-02T13:18:44","date_gmt":"2023-10-02T16:18:44","guid":{"rendered":"https:\/\/terracapixaba.com\/?page_id=3898"},"modified":"2023-10-06T20:52:21","modified_gmt":"2023-10-06T23:52:21","slug":"sobre","status":"publish","type":"page","link":"https:\/\/terracapixaba.com\/en\/sobre","title":{"rendered":"Sobre"},"content":{"rendered":"<h5 style=\"text-align: justify;\"><span style=\"font-family: arial, helvetica, sans-serif;\">\u201cTerra Capixaba: O Esp\u00edrito Santo que voc\u00ea n\u00e3o conhece, voc\u00ea encontra aqui!\u201d<\/span><\/h5>\n<p style=\"text-align: justify;\"><span style=\"font-family: arial, helvetica, sans-serif;\">Desde Outubro de 2009 essa frase tem sido um norte para quem deseja conhecer mais as belezas naturais do Esp\u00edrito Santo! E foi numa \u00e9poca onde o turismo aqui no Estado n\u00e3o era amplamente divulgado como nos dias atuais e carecia de mais visibilidade nos meios digitais, que <strong>Carlos Alberto Rocha<\/strong> criou ent\u00e3o, o <strong>Terra Capixaba<\/strong>!<\/span><\/p>\n<p style=\"text-align: justify;\"><span style=\"font-family: arial, helvetica, sans-serif;\">Segundo suas pr\u00f3prias palavras: <em>\u201cnosso Estado possui uma biodiversidade muito rica e singular; podemos curtir um dia de sol no litoral capixaba e a poucos quil\u00f4metros, respirar ar puro num clima de montanha\u201d.<\/em><\/span><\/p><div class=\"8df17e729c739988c76a5db4ec20235a\" data-index=\"1\" style=\"float: none; margin:10px 0 10px 0; text-align:center;\">\n<script async src=\"https:\/\/pagead2.googlesyndication.com\/pagead\/js\/adsbygoogle.js?client=ca-pub-8551687597928263\"\r\n     crossorigin=\"anonymous\"><\/script>\r\n<!-- DISPLAY TOPO POST -->\r\n<ins class=\"adsbygoogle\"\r\n     style=\"display:block\"\r\n     data-ad-client=\"ca-pub-8551687597928263\"\r\n     data-ad-slot=\"4538819347\"\r\n     data-ad-format=\"auto\"\r\n     data-full-width-responsive=\"true\"><\/ins>\r\n<script>\r\n     (adsbygoogle = window.adsbygoogle || []).push({});\r\n<\/script>\n<\/div>\n\n<h5 style=\"text-align: justify;\"><span style=\"font-family: arial, helvetica, sans-serif;\">A miss\u00e3o do Terra Capixaba<\/span><\/h5>\n<p style=\"text-align: justify;\"><span style=\"font-family: arial, helvetica, sans-serif;\">O <strong>Terra Capixaba<\/strong> fornece informa\u00e7\u00f5es tur\u00edsticas sobre o Estado do Esp\u00edrito Santo, tendo como foco principal a divulga\u00e7\u00e3o do potencial tur\u00edstico capixaba, atrav\u00e9s de mat\u00e9rias autorais, contando sua experi\u00eancia nos locais visitados, com informa\u00e7\u00f5es detalhadas, com o objetivo de inspirar seus leitores a virem conhecer tamb\u00e9m esse lugar incr\u00edvel!<\/span><\/p>\n<h5 style=\"text-align: justify;\"><span style=\"font-family: arial, helvetica, sans-serif;\">As redes sociais como canal de divulga\u00e7\u00e3o<\/span><\/h5>\n<p style=\"text-align: justify;\"><span style=\"font-family: arial, helvetica, sans-serif;\">Com quase 80 mil seguidores, <a href=\"https:\/\/www.instagram.com\/terracapixaba\/\" target=\"_blank\" rel=\"noopener\">nosso Instagram tornou-se o principal canal de divulga\u00e7\u00e3o do conte\u00fado<\/a> publicado no <strong>Terra Capixaba<\/strong>! Na verdade, ele \u00e9 uma extens\u00e3o da experi\u00eancia que compartilhamos no site, somados aos diversos <em>\u201creposts\u201d<\/em> de nossos amigos seguidores, que carinhosamente tratamos como <em>\u201cpessoas apaixonadas pelo Esp\u00edrito Santo\u201d!<\/em><\/span><\/p>\n<h5 style=\"text-align: justify;\"><span style=\"font-family: arial, helvetica, sans-serif;\">Um espa\u00e7o para valorizar o empreendedor capixaba<\/span><\/h5>\n<p style=\"text-align: justify;\"><span style=\"font-family: arial, helvetica, sans-serif;\">Al\u00e9m de divulgar todo o potencial tur\u00edstico do nosso Estado, o <strong>Terra Capixaba<\/strong> tem como objetivo tamb\u00e9m, dar visibilidade aos empreendedores capixabas, principalmente aqueles que trabalham diretamente e\/ou indiretamente na fomenta\u00e7\u00e3o do turismo do Esp\u00edrito Santo!<\/span><\/p>\n<p style=\"text-align: justify;\"><span style=\"font-family: arial, helvetica, sans-serif;\">Dessa forma, estamos de bra\u00e7os abertos para te receber e atrav\u00e9s de uma parceria comercial saud\u00e1vel para ambos, divulgar e fortalecer a sua marca junto ao nosso p\u00fablico! Ser\u00e1 uma honra divulgar o seu neg\u00f3cio (seja ele uma pousada, hotel, ou at\u00e9 mesmo um restaurante, por exemplo) no nosso perfil!<\/span><\/p>\n<p style=\"text-align: justify;\"><span style=\"font-family: arial, helvetica, sans-serif;\">Junte-se ent\u00e3o a n\u00f3s e descubra como \u00e9 incr\u00edvel ser tamb\u00e9m um(a) <em>\u201capaixonado(a) pelo Esp\u00edrito Santo\u201d!<\/em><\/span><\/p>\n<p style=\"text-align: justify;\"><span style=\"font-family: arial, helvetica, sans-serif;\">E n\u00e3o se esque\u00e7a que: <em>&#8220;O Esp\u00edrito Santo que voc\u00ea n\u00e3o conhece, voc\u00ea encontra aqui&#8221;!<\/em> Seja bem-vindo ao <strong>Terra Capixaba<\/strong>!<\/span><\/p>\n<p><img decoding=\"async\" class=\"wp-image-5208 size-medium aligncenter\" src=\"https:\/\/terracapixaba.com\/wp-content\/uploads\/2023\/10\/TERRA-CAPIXABA-perfil-1-300x296.jpg\" alt=\"\" width=\"300\" height=\"296\" srcset=\"https:\/\/terracapixaba.com\/wp-content\/uploads\/2023\/10\/TERRA-CAPIXABA-perfil-1-300x296.jpg 300w, https:\/\/terracapixaba.com\/wp-content\/uploads\/2023\/10\/TERRA-CAPIXABA-perfil-1.jpg 726w\" sizes=\"(max-width: 300px) 100vw, 300px\" \/><\/p>\n\n<div style=\"font-size: 0px; height: 0px; line-height: 0px; margin: 0; padding: 0; clear: both;\"><\/div>","protected":false},"excerpt":{"rendered":"<p>\u201cTerra Capixaba: O Esp\u00edrito Santo que voc\u00ea n\u00e3o conhece, voc\u00ea &#8230; <\/p>\n<p class=\"read-more-container\"><a title=\"Sobre\" class=\"read-more button\" href=\"https:\/\/terracapixaba.com\/en\/sobre#more-3898\" aria-label=\"Read more about Sobre\">Read more<\/a><\/p>","protected":false},"author":1,"featured_media":0,"parent":0,"menu_order":0,"comment_status":"closed","ping_status":"closed","template":"","meta":{"footnotes":""},"class_list":{"0":"post-3898","1":"page","2":"type-page","3":"status-publish","5":"no-featured-image-padding"},"yoast_head":"<!-- This site is optimized with the Yoast SEO Premium plugin v26.4 (Yoast SEO v27.4) - https:\/\/yoast.com\/product\/yoast-seo-premium-wordpress\/ -->\n<title>Sobre - Terra Capixaba<\/title>\n<meta name=\"description\" content=\"Descubra o Esp\u00edrito Santo: praias paradis\u00edacas, monumentos naturais, ecoturismo, hist\u00f3ria e cultura! Planeje sua viagem no Terra Capixaba!\" \/>\n<meta name=\"robots\" content=\"index, follow, max-snippet:-1, max-image-preview:large, max-video-preview:-1\" \/>\n<link rel=\"canonical\" href=\"https:\/\/terracapixaba.com\/en\/sobre\/\" \/>\n<meta property=\"og:locale\" content=\"en_US\" \/>\n<meta property=\"og:type\" content=\"article\" \/>\n<meta property=\"og:title\" content=\"Sobre\" \/>\n<meta property=\"og:description\" content=\"Descubra o Esp\u00edrito Santo: praias paradis\u00edacas, monumentos naturais, ecoturismo, hist\u00f3ria e cultura! Planeje sua viagem no Terra Capixaba!\" \/>\n<meta property=\"og:url\" content=\"https:\/\/terracapixaba.com\/en\/sobre\/\" \/>\n<meta property=\"og:site_name\" content=\"Terra Capixaba\" \/>\n<meta property=\"article:publisher\" content=\"https:\/\/facebook.com\/terracapixaba\" \/>\n<meta property=\"article:modified_time\" content=\"2023-10-06T23:52:21+00:00\" \/>\n<meta property=\"og:image\" content=\"https:\/\/terracapixaba.com\/wp-content\/uploads\/2023\/10\/TERRA-CAPIXABA-perfil-1-300x296.jpg\" \/>\n<meta name=\"twitter:card\" content=\"summary_large_image\" \/>\n<meta name=\"twitter:site\" content=\"@terracapixaba\" \/>\n<meta name=\"twitter:label1\" content=\"Est. reading time\" \/>\n\t<meta name=\"twitter:data1\" content=\"3 minutes\" \/>\n<!-- \/ Yoast SEO Premium plugin. -->","yoast_head_json":{"title":"Sobre - Terra Capixaba","description":"Descubra o Esp\u00edrito Santo: praias paradis\u00edacas, monumentos naturais, ecoturismo, hist\u00f3ria e cultura! Planeje sua viagem no Terra Capixaba!","robots":{"index":"index","follow":"follow","max-snippet":"max-snippet:-1","max-image-preview":"max-image-preview:large","max-video-preview":"max-video-preview:-1"},"canonical":"https:\/\/terracapixaba.com\/en\/sobre\/","og_locale":"en_US","og_type":"article","og_title":"Sobre","og_description":"Descubra o Esp\u00edrito Santo: praias paradis\u00edacas, monumentos naturais, ecoturismo, hist\u00f3ria e cultura! Planeje sua viagem no Terra Capixaba!","og_url":"https:\/\/terracapixaba.com\/en\/sobre\/","og_site_name":"Terra Capixaba","article_publisher":"https:\/\/facebook.com\/terracapixaba","article_modified_time":"2023-10-06T23:52:21+00:00","og_image":[{"url":"https:\/\/terracapixaba.com\/wp-content\/uploads\/2023\/10\/TERRA-CAPIXABA-perfil-1-300x296.jpg","type":"","width":"","height":""}],"twitter_card":"summary_large_image","twitter_site":"@terracapixaba","twitter_misc":{"Est. reading time":"3 minutes"},"schema":{"@context":"https:\/\/schema.org","@graph":[{"@type":"WebPage","@id":"https:\/\/terracapixaba.com\/sobre","url":"https:\/\/terracapixaba.com\/sobre","name":"Sobre - Terra Capixaba","isPartOf":{"@id":"https:\/\/terracapixaba.com\/#website"},"primaryImageOfPage":{"@id":"https:\/\/terracapixaba.com\/sobre#primaryimage"},"image":{"@id":"https:\/\/terracapixaba.com\/sobre#primaryimage"},"thumbnailUrl":"https:\/\/terracapixaba.com\/wp-content\/uploads\/2023\/10\/TERRA-CAPIXABA-perfil-1-300x296.jpg","datePublished":"2023-10-02T16:18:44+00:00","dateModified":"2023-10-06T23:52:21+00:00","description":"Descubra o Esp\u00edrito Santo: praias paradis\u00edacas, monumentos naturais, ecoturismo, hist\u00f3ria e cultura! Planeje sua viagem no Terra Capixaba!","breadcrumb":{"@id":"https:\/\/terracapixaba.com\/sobre#breadcrumb"},"inLanguage":"en-US","potentialAction":[{"@type":"ReadAction","target":["https:\/\/terracapixaba.com\/sobre"]}]},{"@type":"ImageObject","inLanguage":"en-US","@id":"https:\/\/terracapixaba.com\/sobre#primaryimage","url":"https:\/\/terracapixaba.com\/wp-content\/uploads\/2023\/10\/TERRA-CAPIXABA-perfil-1-300x296.jpg","contentUrl":"https:\/\/terracapixaba.com\/wp-content\/uploads\/2023\/10\/TERRA-CAPIXABA-perfil-1-300x296.jpg"},{"@type":"BreadcrumbList","@id":"https:\/\/terracapixaba.com\/sobre#breadcrumb","itemListElement":[{"@type":"ListItem","position":1,"name":"In\u00edcio","item":"https:\/\/terracapixaba.com\/"},{"@type":"ListItem","position":2,"name":"Sobre"}]},{"@type":"WebSite","@id":"https:\/\/terracapixaba.com\/#website","url":"https:\/\/terracapixaba.com\/","name":"Terra Capixaba","description":"O Esp\u00edrito Santo que voc\u00ea n\u00e3o conhece, voc\u00ea encontra aqui!","publisher":{"@id":"https:\/\/terracapixaba.com\/#organization"},"potentialAction":[{"@type":"SearchAction","target":{"@type":"EntryPoint","urlTemplate":"https:\/\/terracapixaba.com\/?s={search_term_string}"},"query-input":{"@type":"PropertyValueSpecification","valueRequired":true,"valueName":"search_term_string"}}],"inLanguage":"en-US"},{"@type":"Organization","@id":"https:\/\/terracapixaba.com\/#organization","name":"Terra Capixaba","url":"https:\/\/terracapixaba.com\/","logo":{"@type":"ImageObject","inLanguage":"en-US","@id":"https:\/\/terracapixaba.com\/#\/schema\/logo\/image\/","url":"https:\/\/terracapixaba.com\/wp-content\/uploads\/2023\/12\/terra-capixaba.webp","contentUrl":"https:\/\/terracapixaba.com\/wp-content\/uploads\/2023\/12\/terra-capixaba.webp","width":476,"height":470,"caption":"Terra Capixaba"},"image":{"@id":"https:\/\/terracapixaba.com\/#\/schema\/logo\/image\/"},"sameAs":["https:\/\/facebook.com\/terracapixaba","https:\/\/x.com\/terracapixaba","https:\/\/instagram.com\/terracapixaba","https:\/\/www.linkedin.com\/in\/terracapixaba\/","https:\/\/br.pinterest.com\/terracapixaba\/","https:\/\/www.youtube.com\/terracapixaba1"]}]}},"_links":{"self":[{"href":"https:\/\/terracapixaba.com\/en\/wp-json\/wp\/v2\/pages\/3898","targetHints":{"allow":["GET"]}}],"collection":[{"href":"https:\/\/terracapixaba.com\/en\/wp-json\/wp\/v2\/pages"}],"about":[{"href":"https:\/\/terracapixaba.com\/en\/wp-json\/wp\/v2\/types\/page"}],"author":[{"embeddable":true,"href":"https:\/\/terracapixaba.com\/en\/wp-json\/wp\/v2\/users\/1"}],"replies":[{"embeddable":true,"href":"https:\/\/terracapixaba.com\/en\/wp-json\/wp\/v2\/comments?post=3898"}],"version-history":[{"count":0,"href":"https:\/\/terracapixaba.com\/en\/wp-json\/wp\/v2\/pages\/3898\/revisions"}],"wp:attachment":[{"href":"https:\/\/terracapixaba.com\/en\/wp-json\/wp\/v2\/media?parent=3898"}],"curies":[{"name":"wp","href":"https:\/\/api.w.org\/{rel}","templated":true}]}}