{"id":3,"date":"2023-09-29T12:43:52","date_gmt":"2023-09-29T15:43:52","guid":{"rendered":"https:\/\/terracapixaba.com\/?page_id=3"},"modified":"2023-11-08T16:46:39","modified_gmt":"2023-11-08T19:46:39","slug":"politica-de-privacidade","status":"publish","type":"page","link":"https:\/\/terracapixaba.com\/en\/politica-de-privacidade","title":{"rendered":"Pol\u00edtica de Privacidade"},"content":{"rendered":"<h2 id=\"h-terra-capixaba-politica-de-privacidade\" class=\"wp-block-heading\" style=\"text-align: justify;\"><span style=\"font-family: arial, helvetica, sans-serif;\">Terra Capixaba: Pol\u00edtica de Privacidade<\/span><\/h2>\r\n<p><span style=\"font-family: arial, helvetica, sans-serif;\">\r\n\r\n<\/span><\/p>\r\n<p style=\"text-align: justify;\"><span style=\"font-family: arial, helvetica, sans-serif;\">A saber, suas informa\u00e7\u00f5es pessoais recolhidas ser\u00e3o usadas para o ajudar a tornar sua visita no nosso site o mais produtiva e agrad\u00e1vel poss\u00edvel.<\/span><\/p><div class=\"8df17e729c739988c76a5db4ec20235a\" data-index=\"1\" style=\"float: none; margin:10px 0 10px 0; text-align:center;\">\n<script async src=\"https:\/\/pagead2.googlesyndication.com\/pagead\/js\/adsbygoogle.js?client=ca-pub-8551687597928263\"\r\n     crossorigin=\"anonymous\"><\/script>\r\n<!-- DISPLAY TOPO POST -->\r\n<ins class=\"adsbygoogle\"\r\n     style=\"display:block\"\r\n     data-ad-client=\"ca-pub-8551687597928263\"\r\n     data-ad-slot=\"4538819347\"\r\n     data-ad-format=\"auto\"\r\n     data-full-width-responsive=\"true\"><\/ins>\r\n<script>\r\n     (adsbygoogle = window.adsbygoogle || []).push({});\r\n<\/script>\n<\/div>\n\r\n<p><span style=\"font-family: arial, helvetica, sans-serif;\">\r\n\r\n<\/span><\/p>\r\n<p style=\"text-align: justify;\"><span style=\"font-family: arial, helvetica, sans-serif;\">Al\u00e9m disso, a garantia da confidencialidade dos dados pessoais dos utilizadores do nosso site \u00e9 importante para o Terra Capixaba.<\/span><\/p>\r\n<p><span style=\"font-family: arial, helvetica, sans-serif;\">\r\n\r\n<\/span><\/p>\r\n<p style=\"text-align: justify;\"><span style=\"font-family: arial, helvetica, sans-serif;\">As informa\u00e7\u00f5es pessoais relativas a membros, assinantes, clientes ou visitantes que usem o Terra Capixaba, ser\u00e3o tratadas em concord\u00e2ncia com a Lei da Prote\u00e7\u00e3o de Dados Pessoais de 26 de outubro de 1998 (Lei n.\u00ba 67\/98).<\/span><\/p>\r\n<p><span style=\"font-family: arial, helvetica, sans-serif;\">\r\n\r\n<\/span><\/p>\r\n<p style=\"text-align: justify;\"><span style=\"font-family: arial, helvetica, sans-serif;\">A saber, a informa\u00e7\u00e3o pessoal recolhida pode incluir o seu nome, e-mail, n\u00famero de telefone, morada, data de nascimento e outros.<\/span><\/p>\r\n<p><span style=\"font-family: arial, helvetica, sans-serif;\">\r\n\r\n<\/span><\/p>\r\n<p style=\"text-align: justify;\"><span style=\"font-family: arial, helvetica, sans-serif;\">Al\u00e9m disso, o uso do Terra Capixaba pressup\u00f5e a aceita\u00e7\u00e3o deste Acordo de Privacidade. O Terra Capixaba reserva-se ao direito de alterar este acordo sem aviso pr\u00e9vio. Deste modo, recomendamos que consulte a nossa pol\u00edtica de privacidade com regularidade de forma a estar sempre atualizado.<\/span><\/p>\r\n<p><span style=\"font-family: arial, helvetica, sans-serif;\">\r\n\r\n<\/span><\/p>\r\n<h2 id=\"h-comentarios\" class=\"wp-block-heading\" style=\"text-align: justify;\"><span style=\"font-family: arial, helvetica, sans-serif;\">Coment\u00e1rios<\/span><\/h2>\r\n<p><span style=\"font-family: arial, helvetica, sans-serif;\">\r\n\r\n<\/span><\/p>\r\n<p style=\"text-align: justify;\"><span style=\"font-family: arial, helvetica, sans-serif;\">Quando os visitantes deixam coment\u00e1rios no site, coletamos os dados mostrados no formul\u00e1rio de coment\u00e1rios, al\u00e9m do endere\u00e7o de IP e de dados do navegador do visitante, para auxiliar na detec\u00e7\u00e3o de spam.<\/span><\/p>\r\n<p><span style=\"font-family: arial, helvetica, sans-serif;\">\r\n\r\n<\/span><\/p>\r\n<p style=\"text-align: justify;\"><span style=\"font-family: arial, helvetica, sans-serif;\">Uma sequ\u00eancia anonimizada de caracteres criada a partir do seu e-mail (tamb\u00e9m chamada de hash) poder\u00e1 ser enviada para o Gravatar para verificar se voc\u00ea usa o servi\u00e7o. A pol\u00edtica de privacidade do Gravatar est\u00e1 dispon\u00edvel aqui: https:\/\/automattic.com\/privacy\/. Depois da aprova\u00e7\u00e3o do seu coment\u00e1rio, a foto do seu perfil fica vis\u00edvel publicamente junto de seu coment\u00e1rio.<\/span><\/p>\r\n<p><span style=\"font-family: arial, helvetica, sans-serif;\">\r\n\r\n<\/span><\/p>\r\n<h2 id=\"h-midia\" class=\"wp-block-heading\" style=\"text-align: justify;\"><span style=\"font-family: arial, helvetica, sans-serif;\">M\u00eddia<\/span><\/h2>\r\n<p><span style=\"font-family: arial, helvetica, sans-serif;\">\r\n\r\n<\/span><\/p>\r\n<p style=\"text-align: justify;\"><span style=\"font-family: arial, helvetica, sans-serif;\">Se voc\u00ea envia imagens para o site, evite enviar as que contenham dados de localiza\u00e7\u00e3o incorporados (EXIF GPS). Visitantes podem baixar estas imagens do site e extrair delas seus dados de localiza\u00e7\u00e3o.<\/span><\/p>\r\n<p><span style=\"font-family: arial, helvetica, sans-serif;\">\r\n\r\n<\/span><\/p>\r\n<h2 id=\"h-cookies\" class=\"wp-block-heading\" style=\"text-align: justify;\"><span style=\"font-family: arial, helvetica, sans-serif;\">Cookies<\/span><\/h2>\r\n<p><span style=\"font-family: arial, helvetica, sans-serif;\">\r\n\r\n<\/span><\/p>\r\n<p style=\"text-align: justify;\"><span style=\"font-family: arial, helvetica, sans-serif;\">Ao deixar um coment\u00e1rio no site, voc\u00ea poder\u00e1 optar por salvar seu nome, e-mail e site nos cookies. Sem d\u00favida, isso visa seu conforto, assim voc\u00ea n\u00e3o precisar\u00e1 preencher seus dados novamente quando fizer outro coment\u00e1rio. Estes cookies duram um ano.<\/span><\/p>\r\n<p><span style=\"font-family: arial, helvetica, sans-serif;\">\r\n\r\n<\/span><\/p>\r\n<p style=\"text-align: justify;\"><span style=\"font-family: arial, helvetica, sans-serif;\">Portanto, se voc\u00ea tem uma conta e acessa este site, um cookie tempor\u00e1rio ser\u00e1 criado para determinar se seu navegador aceita cookies. Ali\u00e1s, ele n\u00e3o cont\u00e9m nenhum dado pessoal e ser\u00e1 descartado quando voc\u00ea fechar seu navegador.<\/span><\/p>\r\n<p><span style=\"font-family: arial, helvetica, sans-serif;\">\r\n\r\n<\/span><\/p>\r\n<p style=\"text-align: justify;\"><span style=\"font-family: arial, helvetica, sans-serif;\">Quando voc\u00ea acessa sua conta no site, tamb\u00e9m criamos v\u00e1rios cookies para salvar os dados da sua conta e suas escolhas de exibi\u00e7\u00e3o de tela. Cookies de login s\u00e3o mantidos por dois dias e cookies de op\u00e7\u00f5es de tela por um ano. Se voc\u00ea selecionar &#8220;Lembrar-me&#8221;, seu acesso ser\u00e1 mantido por duas semanas. Se voc\u00ea se desconectar da sua conta, os cookies de login ser\u00e3o removidos.<\/span><\/p>\r\n<p><span style=\"font-family: arial, helvetica, sans-serif;\">\r\n\r\n<\/span><\/p>\r\n<p style=\"text-align: justify;\"><span style=\"font-family: arial, helvetica, sans-serif;\">Ao editar ou publicar um artigo, um cookie adicional ser\u00e1 salvo no seu navegador. Este cookie n\u00e3o inclui nenhum dado pessoal e simplesmente indica o ID do post referente ao artigo que voc\u00ea acabou de editar. Ele expira depois de 1 dia.<\/span><\/p>\r\n<p><span style=\"font-family: arial, helvetica, sans-serif;\">\r\n\r\n<\/span><\/p>\r\n<h2 id=\"h-midia-incorporada-de-outros-sites\" class=\"wp-block-heading\" style=\"text-align: justify;\"><span style=\"font-family: arial, helvetica, sans-serif;\">M\u00eddia incorporada de outros sites<\/span><\/h2>\r\n<p><span style=\"font-family: arial, helvetica, sans-serif;\">\r\n\r\n<\/span><\/p>\r\n<p style=\"text-align: justify;\"><span style=\"font-family: arial, helvetica, sans-serif;\">Artigos neste site podem incluir conte\u00fado incorporado como, por exemplo, v\u00eddeos, imagens, artigos, etc. Conte\u00fados incorporados de outros sites se comportam exatamente da mesma forma como se o visitante estivesse visitando o outro site.<\/span><\/p>\r\n<p><span style=\"font-family: arial, helvetica, sans-serif;\">\r\n\r\n<\/span><\/p>\r\n<p style=\"text-align: justify;\"><span style=\"font-family: arial, helvetica, sans-serif;\">Estes sites podem coletar dados sobre voc\u00ea, usar cookies, incorporar rastreamento adicional de terceiros e monitorar sua intera\u00e7\u00e3o com este conte\u00fado incorporado, incluindo sua intera\u00e7\u00e3o com o conte\u00fado incorporado se voc\u00ea tem uma conta e est\u00e1 conectado com o site.<\/span><\/p>\r\n<p><span style=\"font-family: arial, helvetica, sans-serif;\">\r\n\r\n<\/span><\/p>\r\n<h2 id=\"h-com-quem-compartilhamos-seus-dados\" class=\"wp-block-heading\" style=\"text-align: justify;\"><span style=\"font-family: arial, helvetica, sans-serif;\">Com quem compartilhamos seus dados<\/span><\/h2>\r\n<p><span style=\"font-family: arial, helvetica, sans-serif;\">\r\n\r\n<\/span><\/p>\r\n<p style=\"text-align: justify;\"><span style=\"font-family: arial, helvetica, sans-serif;\">A saber, se voc\u00ea solicitar uma redefini\u00e7\u00e3o de senha, seu endere\u00e7o de IP ser\u00e1 inclu\u00eddo no e-mail de redefini\u00e7\u00e3o de senha.<\/span><\/p>\r\n<p><span style=\"font-family: arial, helvetica, sans-serif;\">\r\n\r\n<\/span><\/p>\r\n<h2 id=\"h-por-quanto-tempo-mantemos-os-seus-dados\" class=\"wp-block-heading\" style=\"text-align: justify;\"><span style=\"font-family: arial, helvetica, sans-serif;\">Por quanto tempo mantemos os seus dados<\/span><\/h2>\r\n<p><span style=\"font-family: arial, helvetica, sans-serif;\">\r\n\r\n<\/span><\/p>\r\n<p style=\"text-align: justify;\"><span style=\"font-family: arial, helvetica, sans-serif;\">Se voc\u00ea deixar um coment\u00e1rio, o coment\u00e1rio e os seus metadados s\u00e3o conservados indefinidamente. De fato, fazemos isso para que seja poss\u00edvel reconhecer e aprovar automaticamente qualquer coment\u00e1rio posterior ao inv\u00e9s de ret\u00ea-lo para modera\u00e7\u00e3o.<\/span><\/p>\r\n<p><span style=\"font-family: arial, helvetica, sans-serif;\">\r\n\r\n<\/span><\/p>\r\n<p style=\"text-align: justify;\"><span style=\"font-family: arial, helvetica, sans-serif;\">Para usu\u00e1rios que se registram no nosso site (se houver), tamb\u00e9m guardamos as informa\u00e7\u00f5es pessoais que fornecem no seu perfil de usu\u00e1rio. Ali\u00e1s, todos os usu\u00e1rios podem ver, editar ou excluir suas informa\u00e7\u00f5es pessoais a qualquer momento (s\u00f3 n\u00e3o \u00e9 poss\u00edvel alterar o seu username). Os administradores de sites tamb\u00e9m podem ver e editar estas informa\u00e7\u00f5es.<\/span><\/p>\r\n<p><span style=\"font-family: arial, helvetica, sans-serif;\">\r\n\r\n<\/span><\/p>\r\n<h2 id=\"h-quais-os-seus-direitos-sobre-seus-dados\" class=\"wp-block-heading\" style=\"text-align: justify;\"><span style=\"font-family: arial, helvetica, sans-serif;\">Quais os seus direitos sobre seus dados<\/span><\/h2>\r\n<p><span style=\"font-family: arial, helvetica, sans-serif;\">\r\n\r\n<\/span><\/p>\r\n<p style=\"text-align: justify;\"><span style=\"font-family: arial, helvetica, sans-serif;\">Se voc\u00ea tiver uma conta neste site ou se tiver deixado coment\u00e1rios, pode solicitar um arquivo exportado dos dados pessoais que mantemos sobre voc\u00ea, inclusive quaisquer dados que nos tenha fornecido. Al\u00e9m disso, pode solicitar tamb\u00e9m que removamos qualquer dado pessoal que mantemos sobre voc\u00ea. Isto n\u00e3o inclui nenhuns dados que somos obrigados a manter para prop\u00f3sitos administrativos, legais ou de seguran\u00e7a.<\/span><\/p>\r\n<p><span style=\"font-family: arial, helvetica, sans-serif;\">\r\n\r\n<\/span><\/p>\r\n<h2 id=\"h-para-onde-seus-dados-sao-enviados\" class=\"wp-block-heading\" style=\"text-align: justify;\"><span style=\"font-family: arial, helvetica, sans-serif;\">Para onde seus dados s\u00e3o enviados<\/span><\/h2>\r\n<p><span style=\"font-family: arial, helvetica, sans-serif;\">\r\n\r\n<\/span><\/p>\r\n<p style=\"text-align: justify;\"><span style=\"font-family: arial, helvetica, sans-serif;\">A saber, coment\u00e1rios de visitantes podem ser marcados por um servi\u00e7o autom\u00e1tico de detec\u00e7\u00e3o de spam.<\/span><\/p>\r\n\n<div style=\"font-size: 0px; height: 0px; line-height: 0px; margin: 0; padding: 0; clear: both;\"><\/div>","protected":false},"excerpt":{"rendered":"<p>Terra Capixaba: Pol\u00edtica de Privacidade A saber, suas informa\u00e7\u00f5es pessoais &#8230; <\/p>\n<p class=\"read-more-container\"><a title=\"Pol\u00edtica de Privacidade\" class=\"read-more button\" href=\"https:\/\/terracapixaba.com\/en\/politica-de-privacidade#more-3\" aria-label=\"Read more about Pol\u00edtica de Privacidade\">Read more<\/a><\/p>","protected":false},"author":1,"featured_media":0,"parent":0,"menu_order":0,"comment_status":"closed","ping_status":"open","template":"","meta":{"footnotes":""},"class_list":{"0":"post-3","1":"page","2":"type-page","3":"status-publish","5":"no-featured-image-padding"},"yoast_head":"<!-- This site is optimized with the Yoast SEO Premium plugin v26.4 (Yoast SEO v27.4) - https:\/\/yoast.com\/product\/yoast-seo-premium-wordpress\/ -->\n<title>Pol\u00edtica de Privacidade - Terra Capixaba<\/title>\n<meta name=\"robots\" content=\"index, follow, max-snippet:-1, max-image-preview:large, max-video-preview:-1\" \/>\n<link rel=\"canonical\" href=\"https:\/\/terracapixaba.com\/en\/politica-de-privacidade\/\" \/>\n<meta property=\"og:locale\" content=\"en_US\" \/>\n<meta property=\"og:type\" content=\"article\" \/>\n<meta property=\"og:title\" content=\"Pol\u00edtica de Privacidade\" \/>\n<meta property=\"og:description\" content=\"Terra Capixaba: Pol\u00edtica de Privacidade A saber, suas informa\u00e7\u00f5es pessoais ... Read more\" \/>\n<meta property=\"og:url\" content=\"https:\/\/terracapixaba.com\/en\/politica-de-privacidade\/\" \/>\n<meta property=\"og:site_name\" content=\"Terra Capixaba\" \/>\n<meta property=\"article:publisher\" content=\"https:\/\/facebook.com\/terracapixaba\" \/>\n<meta property=\"article:modified_time\" content=\"2023-11-08T19:46:39+00:00\" \/>\n<meta property=\"og:image\" content=\"https:\/\/terracapixaba.com\/wp-content\/uploads\/2023\/10\/Terra-Capixaba.webp\" \/>\n\t<meta property=\"og:image:width\" content=\"1200\" \/>\n\t<meta property=\"og:image:height\" content=\"800\" \/>\n\t<meta property=\"og:image:type\" content=\"image\/webp\" \/>\n<meta name=\"twitter:card\" content=\"summary_large_image\" \/>\n<meta name=\"twitter:site\" content=\"@terracapixaba\" \/>\n<meta name=\"twitter:label1\" content=\"Est. reading time\" \/>\n\t<meta name=\"twitter:data1\" content=\"5 minutes\" \/>\n<!-- \/ Yoast SEO Premium plugin. -->","yoast_head_json":{"title":"Pol\u00edtica de Privacidade - Terra Capixaba","robots":{"index":"index","follow":"follow","max-snippet":"max-snippet:-1","max-image-preview":"max-image-preview:large","max-video-preview":"max-video-preview:-1"},"canonical":"https:\/\/terracapixaba.com\/en\/politica-de-privacidade\/","og_locale":"en_US","og_type":"article","og_title":"Pol\u00edtica de Privacidade","og_description":"Terra Capixaba: Pol\u00edtica de Privacidade A saber, suas informa\u00e7\u00f5es pessoais ... Read more","og_url":"https:\/\/terracapixaba.com\/en\/politica-de-privacidade\/","og_site_name":"Terra Capixaba","article_publisher":"https:\/\/facebook.com\/terracapixaba","article_modified_time":"2023-11-08T19:46:39+00:00","og_image":[{"width":1200,"height":800,"url":"https:\/\/terracapixaba.com\/wp-content\/uploads\/2023\/10\/Terra-Capixaba.webp","type":"image\/webp"}],"twitter_card":"summary_large_image","twitter_site":"@terracapixaba","twitter_misc":{"Est. reading time":"5 minutes"},"schema":{"@context":"https:\/\/schema.org","@graph":[{"@type":"WebPage","@id":"https:\/\/terracapixaba.com\/politica-de-privacidade","url":"https:\/\/terracapixaba.com\/politica-de-privacidade","name":"Pol\u00edtica de Privacidade - Terra Capixaba","isPartOf":{"@id":"https:\/\/terracapixaba.com\/#website"},"datePublished":"2023-09-29T15:43:52+00:00","dateModified":"2023-11-08T19:46:39+00:00","breadcrumb":{"@id":"https:\/\/terracapixaba.com\/politica-de-privacidade#breadcrumb"},"inLanguage":"en-US","potentialAction":[{"@type":"ReadAction","target":["https:\/\/terracapixaba.com\/politica-de-privacidade"]}]},{"@type":"BreadcrumbList","@id":"https:\/\/terracapixaba.com\/politica-de-privacidade#breadcrumb","itemListElement":[{"@type":"ListItem","position":1,"name":"In\u00edcio","item":"https:\/\/terracapixaba.com\/"},{"@type":"ListItem","position":2,"name":"Pol\u00edtica de Privacidade"}]},{"@type":"WebSite","@id":"https:\/\/terracapixaba.com\/#website","url":"https:\/\/terracapixaba.com\/","name":"Terra Capixaba","description":"O Esp\u00edrito Santo que voc\u00ea n\u00e3o conhece, voc\u00ea encontra aqui!","publisher":{"@id":"https:\/\/terracapixaba.com\/#organization"},"potentialAction":[{"@type":"SearchAction","target":{"@type":"EntryPoint","urlTemplate":"https:\/\/terracapixaba.com\/?s={search_term_string}"},"query-input":{"@type":"PropertyValueSpecification","valueRequired":true,"valueName":"search_term_string"}}],"inLanguage":"en-US"},{"@type":"Organization","@id":"https:\/\/terracapixaba.com\/#organization","name":"Terra Capixaba","url":"https:\/\/terracapixaba.com\/","logo":{"@type":"ImageObject","inLanguage":"en-US","@id":"https:\/\/terracapixaba.com\/#\/schema\/logo\/image\/","url":"https:\/\/terracapixaba.com\/wp-content\/uploads\/2023\/12\/terra-capixaba.webp","contentUrl":"https:\/\/terracapixaba.com\/wp-content\/uploads\/2023\/12\/terra-capixaba.webp","width":476,"height":470,"caption":"Terra Capixaba"},"image":{"@id":"https:\/\/terracapixaba.com\/#\/schema\/logo\/image\/"},"sameAs":["https:\/\/facebook.com\/terracapixaba","https:\/\/x.com\/terracapixaba","https:\/\/instagram.com\/terracapixaba","https:\/\/www.linkedin.com\/in\/terracapixaba\/","https:\/\/br.pinterest.com\/terracapixaba\/","https:\/\/www.youtube.com\/terracapixaba1"]}]}},"_links":{"self":[{"href":"https:\/\/terracapixaba.com\/en\/wp-json\/wp\/v2\/pages\/3","targetHints":{"allow":["GET"]}}],"collection":[{"href":"https:\/\/terracapixaba.com\/en\/wp-json\/wp\/v2\/pages"}],"about":[{"href":"https:\/\/terracapixaba.com\/en\/wp-json\/wp\/v2\/types\/page"}],"author":[{"embeddable":true,"href":"https:\/\/terracapixaba.com\/en\/wp-json\/wp\/v2\/users\/1"}],"replies":[{"embeddable":true,"href":"https:\/\/terracapixaba.com\/en\/wp-json\/wp\/v2\/comments?post=3"}],"version-history":[{"count":2,"href":"https:\/\/terracapixaba.com\/en\/wp-json\/wp\/v2\/pages\/3\/revisions"}],"predecessor-version":[{"id":9974,"href":"https:\/\/terracapixaba.com\/en\/wp-json\/wp\/v2\/pages\/3\/revisions\/9974"}],"wp:attachment":[{"href":"https:\/\/terracapixaba.com\/en\/wp-json\/wp\/v2\/media?parent=3"}],"curies":[{"name":"wp","href":"https:\/\/api.w.org\/{rel}","templated":true}]}}